{"id":118,"date":"2020-03-17T11:57:31","date_gmt":"2020-03-17T10:57:31","guid":{"rendered":"http:\/\/regenbogenschule-weetzen.de\/?page_id=118"},"modified":"2022-02-15T08:56:52","modified_gmt":"2022-02-15T07:56:52","slug":"kontakt","status":"publish","type":"page","link":"http:\/\/regenbogenschule-weetzen.de\/?page_id=118","title":{"rendered":"Kontakt"},"content":{"rendered":"\n<p class=\"has-light-green-cyan-background-color has-background\">Regenbogenschule Weetzen<br>Hauptstra\u00dfe 5 <br>30952 Ronnenberg, OT Weetzen<br>regenbogenschule-weetzen@ronnenberg.de<br>Tel. 05109-5298-0     <br>Fax 05109-529822<\/p>\n\n\n\n<div class=\"wp-block-group has-background\" style=\"background-color:#f0e4c2\"><div class=\"wp-block-group__inner-container is-layout-flow wp-block-group-is-layout-flow\">\n<p>     <strong>Schulleitung<\/strong><\/p>\n\n\n\n<p>    Mareike Knappe<\/p>\n\n\n\n<p> Vertretung: Petra Sch\u00fctze<\/p>\n<\/div><\/div>\n\n\n\n<div class=\"wp-block-group has-light-green-cyan-background-color has-background\"><div class=\"wp-block-group__inner-container is-layout-flow wp-block-group-is-layout-flow\">\n<p>     S<strong>ekretariat<\/strong> <\/p>\n\n\n\n<p class=\"has-text-align-left\">     Claudia Wallat <\/p>\n\n\n\n<p>     Montag &#8211; Freitag 08:00 &#8211; 12:00 Uhr <\/p>\n\n\n\n<p>     ab 12:00 Uhr l\u00e4uft ein Anrufbeantworter, der regelm\u00e4\u00dfig abgeh\u00f6rt wird<\/p>\n<\/div><\/div>\n\n\n\n<p><\/p>\n\n\n\n<p><\/p>\n\n\n\n<p><\/p>\n","protected":false},"excerpt":{"rendered":"<p>Regenbogenschule WeetzenHauptstra\u00dfe 5 30952 Ronnenberg, OT Weetzenregenbogenschule-weetzen@ronnenberg.deTel. 05109-5298-0 Fax 05109-529822 Schulleitung Mareike Knappe Vertretung: Petra Sch\u00fctze Sekretariat Claudia Wallat Montag &#8211; Freitag 08:00 &#8211; 12:00 Uhr ab 12:00 Uhr l\u00e4uft ein Anrufbeantworter, der regelm\u00e4\u00dfig abgeh\u00f6rt wird<\/p>\n","protected":false},"author":1,"featured_media":0,"parent":0,"menu_order":0,"comment_status":"closed","ping_status":"closed","template":"","meta":{"footnotes":""},"class_list":["post-118","page","type-page","status-publish","hentry"],"_links":{"self":[{"href":"http:\/\/regenbogenschule-weetzen.de\/index.php?rest_route=\/wp\/v2\/pages\/118"}],"collection":[{"href":"http:\/\/regenbogenschule-weetzen.de\/index.php?rest_route=\/wp\/v2\/pages"}],"about":[{"href":"http:\/\/regenbogenschule-weetzen.de\/index.php?rest_route=\/wp\/v2\/types\/page"}],"author":[{"embeddable":true,"href":"http:\/\/regenbogenschule-weetzen.de\/index.php?rest_route=\/wp\/v2\/users\/1"}],"replies":[{"embeddable":true,"href":"http:\/\/regenbogenschule-weetzen.de\/index.php?rest_route=%2Fwp%2Fv2%2Fcomments&post=118"}],"version-history":[{"count":7,"href":"http:\/\/regenbogenschule-weetzen.de\/index.php?rest_route=\/wp\/v2\/pages\/118\/revisions"}],"predecessor-version":[{"id":662,"href":"http:\/\/regenbogenschule-weetzen.de\/index.php?rest_route=\/wp\/v2\/pages\/118\/revisions\/662"}],"wp:attachment":[{"href":"http:\/\/regenbogenschule-weetzen.de\/index.php?rest_route=%2Fwp%2Fv2%2Fmedia&parent=118"}],"curies":[{"name":"wp","href":"https:\/\/api.w.org\/{rel}","templated":true}]}}