{"id":169,"date":"2020-03-24T11:45:11","date_gmt":"2020-03-24T10:45:11","guid":{"rendered":"http:\/\/regenbogenschule-weetzen.de\/?page_id=169"},"modified":"2026-01-30T10:32:28","modified_gmt":"2026-01-30T09:32:28","slug":"offene-stelle","status":"publish","type":"page","link":"http:\/\/regenbogenschule-weetzen.de\/?page_id=169","title":{"rendered":"offene Stelle"},"content":{"rendered":"\n<p class=\"has-vivid-red-color has-text-color has-large-font-size\">Bundesfreiwilligendienst im Bereich Sport <\/p>\n\n\n\n<p><strong>Beginn:  01.08.2026<\/strong><\/p>\n\n\n\n<p>Die Regenbogenschule Weetzen ist eine\nVerl\u00e4ssliche Grundschule mit angegliedertem Hort (Nachmittagsbetreuung). Seit\n2008 arbeiten wir bereits inklusiv und sind Schwerpunktschule f\u00fcr k\u00f6rperliche\nund motorische Entwicklung im Stadtgebiet Ronnenberg. Sch\u00fcler mit\nunterschiedlichen Lernschw\u00e4chen oder Behinderungen werden gemeinsam mit\nRegelsch\u00fclern unterrichtet. P\u00e4dagogischer Schwerpunkt ist zudem die Gesundheit\nund Bewegung (\u201eSportfreundliche Schule\u201c). <\/p>\n\n\n\n<p class=\"has-light-green-cyan-background-color has-background\">T\u00e4tigkeitsfelder:<\/p>\n\n\n\n<ul class=\"wp-block-list\">\n<li>Hospitation und Unterst\u00fctzung im Sport- und<br>Schwimmunterricht und im Sportf\u00f6rderunterricht<\/li>\n\n\n\n<li>M\u00f6glichkeit der Vorstellung \u201eneuer\u201c Sportarten sowie<br>Vorstellung eigener sportlicher Schwerpunkte<\/li>\n\n\n\n<li>Einbringen eigener F\u00e4higkeiten und Fertigkeiten<\/li>\n\n\n\n<li>Angebote im Rahmen der \u201eBewegten Pause\u201c<\/li>\n\n\n\n<li>Organisation der Spiel-\/Ger\u00e4teausleihe in der Sporthalle<\/li>\n\n\n\n<li>Einf\u00fchrung und Organisation von Spielen auf dem Schulhof, in<br>der Sporthalle, in der Aula (altersabh\u00e4ngig, klassenintern,<br>klassen\u00fcbergreifend)<\/li>\n\n\n\n<li>Mitgestaltung des Schulhofes<\/li>\n\n\n\n<li>Pausenturniere<\/li>\n\n\n\n<li>Unterst\u00fctzung bestehender AGs\/ \u00dcbernahme einer eigenen sportlichen<br>AG<\/li>\n\n\n\n<li>Betreuung im Rahmen der Verl\u00e4sslichen Grundschule durch<br>Bewegungsangebote f\u00fcr die Jahrgangsstufen 1+2<\/li>\n\n\n\n<li>Sportaktionen: Unterst\u00fctzung, Organisation und Durchf\u00fchrung<br>von schulinternen und schul\u00fcbergreifenden Turnieren<\/li>\n<\/ul>\n\n\n\n<p class=\"has-text-align-center has-background\" style=\"background-color:#faecc7\"> Haben wir Dein Interesse geweckt, dann bewirb Dich bei uns      und schicke uns gerne deine Bewerbung per Mail:  <\/p>\n\n\n\n<p class=\"has-text-align-center has-light-green-cyan-background-color has-background\">    <a href=\"mailto:regenbogenschule-weetzen@ronnenberg.de\">regenbogenschule-weetzen@ronnenberg.de<\/a> <\/p>\n\n\n\n<p class=\"has-text-align-center has-background\" style=\"background-color:#faecc7\">Wir freuen uns auf Deine Ideen und Unterst\u00fctzung!!!<\/p>\n\n\n\n<p class=\"has-large-font-size\"><strong>P\u00e4dagogische Mitarbeiter*in<\/strong><\/p>\n\n\n\n<p>Die Regenbogenschule Weetzen sucht zu sofort eine p\u00e4dagogische Mitarbeier*in. Die Anstellung erfolgt \u00fcber das Land Niedersachsen mit 5,501h\/Woche. Die Arbeitszeit laut Vertrag betr\u00e4gt 4,729h\/ Woche. Das Aufgabenfeld umfasst zweimal zwei Betreuungsstunden im ersten oder zweiten Jahrgang im Rahmen der Verl\u00e4sslichkeit in der 4. und 5. Schulstunde, sowie bei Bedarf Vertretungsunterricht. <\/p>\n\n\n\n<p>Bewerberinnen und Bewerber m\u00fcssen sich direkt \u00fcber das Portal Eis-Online-NileP ( <strong><a href=\"https:\/\/www.eis-online-nilep.niedersachsen.de\/\">https:\/\/www.eis-online-nilep.niedersachsen.de\/<\/a><\/strong> )bewerben. Die Stelle ist online (Stellen- Nummer : 15283) ausgeschrieben. Die Bewerbungen m\u00fcssen \u00fcber das Portal https:\/\/www.eis-online-nilep.niedersachsen.de erfolgen. Die Bewerbungsfrist endet am 15.02.2026.<\/p>\n\n\n\n<p>F\u00fcr R\u00fcckfragen stehen wir ihnen jederzeit telefonisch zur Verf\u00fcgung.<\/p>\n\n\n\n<p class=\"has-large-font-size\">Kooperationspartner gesucht<\/p>\n\n\n\n<p>Die Regenbogenschule Weetzen sucht zu sofort Kooperationspartner f\u00fcr folgende Bereiche:<\/p>\n\n\n\n<ul class=\"wp-block-list\">\n<li>Fr\u00fchenglisch f\u00fcr den 1. und 2. Schuljahrgang in Kleingruppen. Pro Gruppe 1x w\u00f6chentlicher Unterricht in der 4.\/5. oder 6. Stunde. Dauer 45 Minuten.<\/li>\n\n\n\n<li>Musikalische Fr\u00fcherziehung Jahrgang 1 und 2<\/li>\n\n\n\n<li>Gruppenunterricht Instrumente<\/li>\n<\/ul>\n\n\n\n<p>Die Regenbogenschule stellt die R\u00e4ume zur Verf\u00fcgung und bietet auf diversen Schulveranstaltungen die M\u00f6glichkeit zur Vorstellung und Werbung. Der Kooperationspartner schlie\u00dft die Vertr\u00e4ge mit den Erziehungsberechtigten und \u00fcbernimmt die Kommunikation und Organisation. <\/p>\n\n\n\n<p> Haben wir Ihr Interesse geweckt, dann bewerben Sie sich bei uns und schicke uns gerne Ihre Bewerbung per Mail an : regenbogenschule-weetzen@ronnenberg.de <\/p>\n","protected":false},"excerpt":{"rendered":"<p>Bundesfreiwilligendienst im Bereich Sport Beginn: 01.08.2026 Die Regenbogenschule Weetzen ist eine Verl\u00e4ssliche Grundschule mit angegliedertem Hort (Nachmittagsbetreuung). Seit 2008 arbeiten wir bereits inklusiv und sind Schwerpunktschule f\u00fcr k\u00f6rperliche und motorische Entwicklung im Stadtgebiet Ronnenberg. Sch\u00fcler mit unterschiedlichen Lernschw\u00e4chen oder Behinderungen werden gemeinsam mit Regelsch\u00fclern unterrichtet. P\u00e4dagogischer Schwerpunkt ist zudem die Gesundheit und Bewegung (\u201eSportfreundliche Schule\u201c).&hellip;<\/p>\n","protected":false},"author":1,"featured_media":0,"parent":0,"menu_order":0,"comment_status":"closed","ping_status":"closed","template":"","meta":{"footnotes":""},"class_list":["post-169","page","type-page","status-publish","hentry"],"_links":{"self":[{"href":"http:\/\/regenbogenschule-weetzen.de\/index.php?rest_route=\/wp\/v2\/pages\/169"}],"collection":[{"href":"http:\/\/regenbogenschule-weetzen.de\/index.php?rest_route=\/wp\/v2\/pages"}],"about":[{"href":"http:\/\/regenbogenschule-weetzen.de\/index.php?rest_route=\/wp\/v2\/types\/page"}],"author":[{"embeddable":true,"href":"http:\/\/regenbogenschule-weetzen.de\/index.php?rest_route=\/wp\/v2\/users\/1"}],"replies":[{"embeddable":true,"href":"http:\/\/regenbogenschule-weetzen.de\/index.php?rest_route=%2Fwp%2Fv2%2Fcomments&post=169"}],"version-history":[{"count":25,"href":"http:\/\/regenbogenschule-weetzen.de\/index.php?rest_route=\/wp\/v2\/pages\/169\/revisions"}],"predecessor-version":[{"id":1168,"href":"http:\/\/regenbogenschule-weetzen.de\/index.php?rest_route=\/wp\/v2\/pages\/169\/revisions\/1168"}],"wp:attachment":[{"href":"http:\/\/regenbogenschule-weetzen.de\/index.php?rest_route=%2Fwp%2Fv2%2Fmedia&parent=169"}],"curies":[{"name":"wp","href":"https:\/\/api.w.org\/{rel}","templated":true}]}}