{"id":17,"date":"2018-10-25T21:03:06","date_gmt":"2018-10-25T19:03:06","guid":{"rendered":"http:\/\/regenbogenschule-weetzen.de\/?page_id=17"},"modified":"2022-02-15T09:02:56","modified_gmt":"2022-02-15T08:02:56","slug":"foerderverein","status":"publish","type":"page","link":"http:\/\/regenbogenschule-weetzen.de\/?page_id=17","title":{"rendered":"F\u00f6rderverein Regenbogenschule Weetzen"},"content":{"rendered":"\n<p class=\"has-light-green-cyan-background-color has-background\"><em><strong>&#8222;Die Schulen sollen nicht nur Wissen und K\u00f6nnen vermitteln, sondern auch Herz und Charakter bilden.&#8220;<\/strong><\/em><\/p>\n\n\n<p>Unser Verein wurde 1997 zur F\u00f6rderung der Erziehung und Bildung der Sch\u00fcler an der Regenbogenschule Weetzen gegr\u00fcndet.<\/p>\n<p>Der F\u00f6rderverein unterst\u00fctzt die sozialen, kulturellen, erzieherischen und bildenden Aktivit\u00e4ten der Grundschule durch Bereitstellung finanzieller Mittel sowie durch pers\u00f6nliche Mitarbeit der Mitglieder des Vereins. Dies erfolgt in enger Absprache mit der Schulleitung und dem Schulelternrat.<\/p>\n<p>Seit nunmehr 20 Jahren wird die Regenbogenschule vom Verein der &#8222;Eltern, Freunde und F\u00f6rderer der GS Weetzen e.V.&#8220; unterst\u00fctzt.&nbsp;So konnten in den letzten Jahren wichtige Ger\u00e4te angeschafft werden, f\u00fcr die die zur Verf\u00fcgung gestellten Haushaltsmittel des Schultr\u00e4gers nicht ausreichten.<\/p>\n<p>Der F\u00f6rderverein der Regenbogenschule Weetzen m\u00f6chte erg\u00e4nzend zum Angebot der Grundschule dazu beitragen, die Kinder entsprechend ihrer F\u00e4higkeiten zu f\u00f6rdern und das schulische Angebot sinnvoll zu erweitern.<\/p>\n<p>Angebote im Bereich der AGs, wie die Musik-AG, Pr\u00e4ventionsma\u00dfnahmen f\u00fcr Kinder, der Schulgarten sowie diverse Anschaffungen, wie die Ausstattung der Pausen-Spiele-Kisten, finanzielle Hilfen bei Klassenfahrten und Ausfl\u00fcgen f\u00fcr sozial schwache Familien sind ohne die finanzielle Unterst\u00fctzung des F\u00f6rdervereins nicht m\u00f6glich. Auch bei gr\u00f6\u00dferen Schulaktionen hilft der F\u00f6rderverein.<\/p>\n<p>Der neue Vorstand hat viele Pl\u00e4ne und Ideen, die nur durch die finanzielle Unterst\u00fctzung weiterer Mitglieder durchgef\u00fchrt werden k\u00f6nnen.<\/p>\n\n\n<p class=\"has-text-align-center has-light-green-cyan-background-color has-background\"> <strong>Vorsitzende des F\u00f6rdervereins: <\/strong>Frau A. Mandke <\/p>\n","protected":false},"excerpt":{"rendered":"<p>&#8222;Die Schulen sollen nicht nur Wissen und K\u00f6nnen vermitteln, sondern auch Herz und Charakter bilden.&#8220; Unser Verein wurde 1997 zur F\u00f6rderung der Erziehung und Bildung der Sch\u00fcler an der Regenbogenschule Weetzen gegr\u00fcndet. Der F\u00f6rderverein unterst\u00fctzt die sozialen, kulturellen, erzieherischen und bildenden Aktivit\u00e4ten der Grundschule durch Bereitstellung finanzieller Mittel sowie durch pers\u00f6nliche Mitarbeit der Mitglieder des&hellip;<\/p>\n","protected":false},"author":1,"featured_media":0,"parent":0,"menu_order":4,"comment_status":"closed","ping_status":"closed","template":"","meta":{"footnotes":""},"class_list":["post-17","page","type-page","status-publish","hentry"],"_links":{"self":[{"href":"http:\/\/regenbogenschule-weetzen.de\/index.php?rest_route=\/wp\/v2\/pages\/17"}],"collection":[{"href":"http:\/\/regenbogenschule-weetzen.de\/index.php?rest_route=\/wp\/v2\/pages"}],"about":[{"href":"http:\/\/regenbogenschule-weetzen.de\/index.php?rest_route=\/wp\/v2\/types\/page"}],"author":[{"embeddable":true,"href":"http:\/\/regenbogenschule-weetzen.de\/index.php?rest_route=\/wp\/v2\/users\/1"}],"replies":[{"embeddable":true,"href":"http:\/\/regenbogenschule-weetzen.de\/index.php?rest_route=%2Fwp%2Fv2%2Fcomments&post=17"}],"version-history":[{"count":6,"href":"http:\/\/regenbogenschule-weetzen.de\/index.php?rest_route=\/wp\/v2\/pages\/17\/revisions"}],"predecessor-version":[{"id":665,"href":"http:\/\/regenbogenschule-weetzen.de\/index.php?rest_route=\/wp\/v2\/pages\/17\/revisions\/665"}],"wp:attachment":[{"href":"http:\/\/regenbogenschule-weetzen.de\/index.php?rest_route=%2Fwp%2Fv2%2Fmedia&parent=17"}],"curies":[{"name":"wp","href":"https:\/\/api.w.org\/{rel}","templated":true}]}}