{"id":18,"date":"2018-10-25T21:03:06","date_gmt":"2018-10-25T19:03:06","guid":{"rendered":"http:\/\/regenbogenschule-weetzen.de\/?page_id=18"},"modified":"2025-09-04T12:22:46","modified_gmt":"2025-09-04T10:22:46","slug":"hort","status":"publish","type":"page","link":"http:\/\/regenbogenschule-weetzen.de\/?page_id=18","title":{"rendered":"Hort"},"content":{"rendered":"<h2><strong>Regenbogen Hort <\/strong><\/h2>\n<p>An der Regenbogenschule ist eine Horteinrichtung, der &#8222;Regenbogen Hort&#8220; angegliedert. Tr\u00e4ger des Horts ist die Stadt Ronnenberg.<\/p>\n<p>Es gibt insgesamt vier Gruppen. Zwei Gruppen befinden sich an der Hauptstra\u00dfe 21. Diese bieten eine Betreuung bis 14.40 Uhr an mit Option auf Sp\u00e4tdienst bis 15.40 Uhr.<\/p>\n<p>Auf dem Schulgel\u00e4nde befinden sich zwei weitere Hortgruppen: &#8222;Das rote Haus&#8220; und &#8222;Der bunte Keller&#8220;. Diese Gruppen bieten eine Betreuungszeit bis 16.00 Uhr an.<\/p>\n<p>Die M\u00f6glichkeit zum Mittagessen ist ebenfalls gegeben.<\/p>\n<p>W\u00e4hrend der Schulferien ist eine Betreuung m\u00f6glich.<\/p>\n<p>Die Nutzung des Hortes ist kostenpflichtig. Ab Schuljahr 2026-2027 wird die Betreuung f\u00fcr den 1. Jahrgang zu den Kernzeiten kostenlos sein.<\/p>\n<p><strong>Leiterin des Horts ist Frau Freckmann.<\/strong><\/p>\n<p>N\u00e4here Informationen gibt es unter Tel. 05109-529819.<\/p>\n","protected":false},"excerpt":{"rendered":"<p>Regenbogen Hort An der Regenbogenschule ist eine Horteinrichtung, der &#8222;Regenbogen Hort&#8220; angegliedert. Tr\u00e4ger des Horts ist die Stadt Ronnenberg. Es gibt insgesamt vier Gruppen. Zwei Gruppen befinden sich an der Hauptstra\u00dfe 21. Diese bieten eine Betreuung bis 14.40 Uhr an mit Option auf Sp\u00e4tdienst bis 15.40 Uhr. Auf dem Schulgel\u00e4nde befinden sich zwei weitere Hortgruppen:&hellip;<\/p>\n","protected":false},"author":1,"featured_media":0,"parent":0,"menu_order":5,"comment_status":"closed","ping_status":"closed","template":"","meta":{"footnotes":""},"class_list":["post-18","page","type-page","status-publish","hentry"],"_links":{"self":[{"href":"http:\/\/regenbogenschule-weetzen.de\/index.php?rest_route=\/wp\/v2\/pages\/18"}],"collection":[{"href":"http:\/\/regenbogenschule-weetzen.de\/index.php?rest_route=\/wp\/v2\/pages"}],"about":[{"href":"http:\/\/regenbogenschule-weetzen.de\/index.php?rest_route=\/wp\/v2\/types\/page"}],"author":[{"embeddable":true,"href":"http:\/\/regenbogenschule-weetzen.de\/index.php?rest_route=\/wp\/v2\/users\/1"}],"replies":[{"embeddable":true,"href":"http:\/\/regenbogenschule-weetzen.de\/index.php?rest_route=%2Fwp%2Fv2%2Fcomments&post=18"}],"version-history":[{"count":5,"href":"http:\/\/regenbogenschule-weetzen.de\/index.php?rest_route=\/wp\/v2\/pages\/18\/revisions"}],"predecessor-version":[{"id":1135,"href":"http:\/\/regenbogenschule-weetzen.de\/index.php?rest_route=\/wp\/v2\/pages\/18\/revisions\/1135"}],"wp:attachment":[{"href":"http:\/\/regenbogenschule-weetzen.de\/index.php?rest_route=%2Fwp%2Fv2%2Fmedia&parent=18"}],"curies":[{"name":"wp","href":"https:\/\/api.w.org\/{rel}","templated":true}]}}