{"id":193,"date":"2020-04-29T11:09:30","date_gmt":"2020-04-29T09:09:30","guid":{"rendered":"http:\/\/regenbogenschule-weetzen.de\/?page_id=193"},"modified":"2025-12-12T09:12:24","modified_gmt":"2025-12-12T08:12:24","slug":"corona","status":"publish","type":"page","link":"http:\/\/regenbogenschule-weetzen.de\/?page_id=193","title":{"rendered":"Elterninformationen"},"content":{"rendered":"<p><!--StartFragment--><\/p>\n\n\n<p class=\"has-large-font-size\"><strong> Buszeite<\/strong>n<\/p>\n\n\n\n<p><\/p>\n\n\n\n<figure class=\"wp-block-table\"><table><tbody><tr><td>\n  <strong>Anfahrt zur 1. Stunde<\/strong>\n  <\/td><\/tr><tr><td>\n  <strong>7.43 Uhr<\/strong>\n  <\/td><td>\n  Ronnenberg-K\u00fckenm\u00fchle\n  <\/td><\/tr><tr><td>\n  <strong>7:45 Uhr<\/strong>\n  <\/td><td>\n  Ihme, Deveser Stra\u00dfe\n  <\/td><\/tr><tr><td>\n  <strong>7:46 Uhr<\/strong>\n  <\/td><td>\n  Ihme, Hannoversche Stra\u00dfe\n  <\/td><\/tr><tr><td>   <strong>7:48 Uhr<\/strong>   <\/td><td>\n  Ihme, Hohefeldstra\u00dfe\n  <\/td><\/tr><tr><td>\n  <strong>7:50 Uhr<\/strong>\n  <\/td><td>\n  Ihme, Bettenser Gut\n  <\/td><\/tr><tr><td>\n  <strong>7.55 Uhr<\/strong>\n  <\/td><td>\n  Regenbogenschule Weetzen\n  <\/td><\/tr><tr><td>\n  <strong>8:00 Uhr<\/strong>\n  <\/td><td>\n  Linderte\n  <\/td><\/tr><tr><td>\n  <strong>8:02 Uhr<\/strong>\n  <\/td><td>\n  V\u00f6rie\n  <\/td><\/tr><tr><td>\n  <strong>8:05 Uhr<\/strong>\n  <\/td><td>\n  Regenbogenschule Weetzen\n  <\/td><\/tr><\/tbody><\/table><\/figure>\n\n\n<p><!--EndFragment--><\/p>\n\n\n<h2 class=\"wp-block-heading\">Stundenplan &#8211;  Zeitstruktur<\/h2>\n\n\n\n<p><strong>Stundenzeiten\nan der Regenbogenschule Weetzen<\/strong><\/p>\n\n\n\n<p><strong>Schuljahr\n2021-2022<\/strong><\/p>\n\n\n\n<figure class=\"wp-block-table\"><table><tbody><tr><td>1.   Stunde   <\/td><td>\n  08.15-09.00\n  Uhr\n  <\/td><\/tr><tr><td>   2. Stunde   <\/td><td>09.05-09.55 Uhr <\/td><\/tr><tr><td> 3.  Stunde   <\/td><td>10.15-11.00 Uhr <\/td><\/tr><tr><td>   4.Stunde   <\/td><td>11.05-11.50 Uhr <\/td><\/tr><tr><td>  5. Stunde   <\/td><td>\n  12.10-12.55 Uhr\n  <\/td><\/tr><tr><td> 6.  Stunde   <\/td><td>\n  12.55-13.40 Uhr\n  <\/td><\/tr><\/tbody><\/table><\/figure>\n\n\n\n<p>Freiwillige Bannmeile an der Regenbogenschule<\/p>\n\n\n\n<div data-wp-interactive=\"core\/file\" class=\"wp-block-file\"><object data-wp-bind--hidden=\"!state.hasPdfPreview\"  class=\"wp-block-file__embed\" data=\"http:\/\/regenbogenschule-weetzen.de\/wp-content\/uploads\/2025\/04\/Bannmeile_2025-1.pdf\" type=\"application\/pdf\" style=\"width:100%;height:600px\" aria-label=\"Einbettung von Bannmeile_2025 (1).\"><\/object><a id=\"wp-block-file--media-c06d8212-b5b2-4f3a-8a77-1a2c3082aef1\" href=\"http:\/\/regenbogenschule-weetzen.de\/wp-content\/uploads\/2025\/04\/Bannmeile_2025-1.pdf\">Bannmeile_2025 (1)<\/a><a href=\"http:\/\/regenbogenschule-weetzen.de\/wp-content\/uploads\/2025\/04\/Bannmeile_2025-1.pdf\" class=\"wp-block-file__button wp-element-button\" download aria-describedby=\"wp-block-file--media-c06d8212-b5b2-4f3a-8a77-1a2c3082aef1\">Herunterladen<\/a><\/div>\n\n\n\n<div class=\"wp-block-group\"><div class=\"wp-block-group__inner-container is-layout-flow wp-block-group-is-layout-flow\"><\/div><\/div>\n\n\n\n<div data-wp-interactive=\"core\/file\" class=\"wp-block-file\"><object data-wp-bind--hidden=\"!state.hasPdfPreview\"  class=\"wp-block-file__embed\" data=\"http:\/\/regenbogenschule-weetzen.de\/wp-content\/uploads\/2025\/12\/Handynutzung.pdf\" type=\"application\/pdf\" style=\"width:100%;height:600px\" aria-label=\"Einbettung von Handynutzung.\"><\/object><a id=\"wp-block-file--media-b530150c-11ec-4efb-9cdc-6d272cf5d2f7\" href=\"http:\/\/regenbogenschule-weetzen.de\/wp-content\/uploads\/2025\/12\/Handynutzung.pdf\">Handynutzung<\/a><a href=\"http:\/\/regenbogenschule-weetzen.de\/wp-content\/uploads\/2025\/12\/Handynutzung.pdf\" class=\"wp-block-file__button wp-element-button\" download aria-describedby=\"wp-block-file--media-b530150c-11ec-4efb-9cdc-6d272cf5d2f7\">Herunterladen<\/a><\/div>\n\n\n\n<p class=\"has-text-align-right\"><\/p>\n\n\n\n<p><\/p>\n\n\n\n<p><\/p>\n\n\n\n<p><\/p>\n\n\n\n<p><\/p>\n\n\n\n<p><\/p>\n\n\n\n<p><\/p>\n\n\n\n<div class=\"wp-block-group\"><div class=\"wp-block-group__inner-container is-layout-flow wp-block-group-is-layout-flow\"><\/div><\/div>\n\n\n\n<p><\/p>\n","protected":false},"excerpt":{"rendered":"<p>Buszeiten Anfahrt zur 1. Stunde 7.43 Uhr Ronnenberg-K\u00fckenm\u00fchle 7:45 Uhr Ihme, Deveser Stra\u00dfe 7:46 Uhr Ihme, Hannoversche Stra\u00dfe 7:48 Uhr Ihme, Hohefeldstra\u00dfe 7:50 Uhr Ihme, Bettenser Gut 7.55 Uhr Regenbogenschule Weetzen 8:00 Uhr Linderte 8:02 Uhr V\u00f6rie 8:05 Uhr Regenbogenschule Weetzen Stundenplan &#8211; Zeitstruktur Stundenzeiten an der Regenbogenschule Weetzen Schuljahr 2021-2022 1. Stunde 08.15-09.00 Uhr&hellip;<\/p>\n","protected":false},"author":1,"featured_media":0,"parent":0,"menu_order":0,"comment_status":"closed","ping_status":"closed","template":"","meta":{"footnotes":""},"class_list":["post-193","page","type-page","status-publish","hentry"],"_links":{"self":[{"href":"http:\/\/regenbogenschule-weetzen.de\/index.php?rest_route=\/wp\/v2\/pages\/193"}],"collection":[{"href":"http:\/\/regenbogenschule-weetzen.de\/index.php?rest_route=\/wp\/v2\/pages"}],"about":[{"href":"http:\/\/regenbogenschule-weetzen.de\/index.php?rest_route=\/wp\/v2\/types\/page"}],"author":[{"embeddable":true,"href":"http:\/\/regenbogenschule-weetzen.de\/index.php?rest_route=\/wp\/v2\/users\/1"}],"replies":[{"embeddable":true,"href":"http:\/\/regenbogenschule-weetzen.de\/index.php?rest_route=%2Fwp%2Fv2%2Fcomments&post=193"}],"version-history":[{"count":37,"href":"http:\/\/regenbogenschule-weetzen.de\/index.php?rest_route=\/wp\/v2\/pages\/193\/revisions"}],"predecessor-version":[{"id":1152,"href":"http:\/\/regenbogenschule-weetzen.de\/index.php?rest_route=\/wp\/v2\/pages\/193\/revisions\/1152"}],"wp:attachment":[{"href":"http:\/\/regenbogenschule-weetzen.de\/index.php?rest_route=%2Fwp%2Fv2%2Fmedia&parent=193"}],"curies":[{"name":"wp","href":"https:\/\/api.w.org\/{rel}","templated":true}]}}