{"id":337,"date":"2022-02-15T14:24:10","date_gmt":"2022-02-15T13:24:10","guid":{"rendered":"http:\/\/regenbogenschule-weetzen.de\/?page_id=337"},"modified":"2026-03-16T07:59:09","modified_gmt":"2026-03-16T06:59:09","slug":"aktuelles-und-termine","status":"publish","type":"page","link":"http:\/\/regenbogenschule-weetzen.de\/?page_id=337","title":{"rendered":"Aktuelles und Termine"},"content":{"rendered":"\n<p>18.03.2026 English-Day Jahrgang 3+4<\/p>\n\n\n\n<p>20.03.2026 Regenbogentreff<\/p>\n\n\n\n<p>08.04.2026 Schilf. Schule geschlossen. Kein Unterricht! Notbetreuung<\/p>\n\n\n\n<p>13.04.-17.04.2026 Elternsprechtage Jahrgang 1-3<\/p>\n\n\n\n<p>22.04.2026 Unihockeyturnier<\/p>\n\n\n\n<p>24.04.2026 Lesung Fr. Pantherm\u00fcller<\/p>\n\n\n\n<p>29.04.2026 Gesamtkonferenz und Schulvorstandssitzung<\/p>\n\n\n\n<p>18.05.2026-22.05.2026 Zirkusprojektwoche<\/p>\n\n\n\n<p>22.05.2026 Sommerfest und Zirkusauff\u00fchrungen 15.00 Uhr und 18.00 Uhr<\/p>\n\n\n\n<p>10.06.2026 Sportfest<\/p>\n\n\n\n<p>17.06.2026 Zeugniskonferenzen Jahrgang 1-4<\/p>\n\n\n\n<p>18.06.2026 Freibadausflug Jahrgang 3 und 4<\/p>\n\n\n\n<p>30.06.2026 Regenbogentreff 3. Stunde alle Eltern der 4. Klassen sind herzlich eingeladen<\/p>\n\n\n\n<p>01.07.2026 Zeugnisausgabe, Schulschluss nach der 3. Stunde<\/p>\n\n\n\n<p><\/p>\n\n\n\n<p class=\"has-medium-font-size\"><strong>Pausenhelfer<\/strong><\/p>\n\n\n\n<p>Am 22.10.2024 hat uns Frau von Thadden vom Arbeiter-Samariter-Bund Leine-Weser besucht. An diesem Tag durften 20 Sch\u00fclerinnen und Sch\u00fcler aus dem 3. und 4. Jahrgang an der Ausbildung zum Pausenhelfer teilnehmen. Die Kinder lernten w\u00e4hrenddessen viel \u00fcber Erste Hilfe, probierten aus, selbstst\u00e4ndig Verb\u00e4nde anzulegen und haben am Schluss sogar noch die stabile Seitenlage kennen gelernt. Mit vielen Materialien und Wissen ausgestattet, sind die Pausenhelfer seit dem 05.11. in den Pausen an der Regenbogenschule unterwegs.<\/p>\n\n\n\n<p>Wir freuen uns, dass die Sch\u00fclerinnen und Sch\u00fcler nun mit viel Freude und Engagement die Aufsichtskr\u00e4fte unterst\u00fctzen und anderen Kindern mit Trost und Beistand helfen k\u00f6nnen.<\/p>\n\n\n\n<figure class=\"wp-block-image size-full is-resized is-style-rounded\"><img loading=\"lazy\" decoding=\"async\" width=\"756\" height=\"567\" src=\"http:\/\/regenbogenschule-weetzen.de\/wp-content\/uploads\/2024\/11\/IMG_5670-2.jpg\" alt=\"\" class=\"wp-image-1041\" style=\"width:599px;height:auto\" srcset=\"http:\/\/regenbogenschule-weetzen.de\/wp-content\/uploads\/2024\/11\/IMG_5670-2.jpg 756w, http:\/\/regenbogenschule-weetzen.de\/wp-content\/uploads\/2024\/11\/IMG_5670-2-300x225.jpg 300w, http:\/\/regenbogenschule-weetzen.de\/wp-content\/uploads\/2024\/11\/IMG_5670-2-200x150.jpg 200w\" sizes=\"(max-width: 756px) 100vw, 756px\" \/><\/figure>\n\n\n\n<figure class=\"wp-block-image size-large is-resized\"><img loading=\"lazy\" decoding=\"async\" width=\"768\" height=\"1024\" src=\"http:\/\/regenbogenschule-weetzen.de\/wp-content\/uploads\/2024\/02\/bild2-768x1024.jpg\" alt=\"\" class=\"wp-image-967\" style=\"width:403px;height:537px\" srcset=\"http:\/\/regenbogenschule-weetzen.de\/wp-content\/uploads\/2024\/02\/bild2-768x1024.jpg 768w, http:\/\/regenbogenschule-weetzen.de\/wp-content\/uploads\/2024\/02\/bild2-225x300.jpg 225w, http:\/\/regenbogenschule-weetzen.de\/wp-content\/uploads\/2024\/02\/bild2-1152x1536.jpg 1152w, http:\/\/regenbogenschule-weetzen.de\/wp-content\/uploads\/2024\/02\/bild2-1536x2048.jpg 1536w, http:\/\/regenbogenschule-weetzen.de\/wp-content\/uploads\/2024\/02\/bild2-150x200.jpg 150w, http:\/\/regenbogenschule-weetzen.de\/wp-content\/uploads\/2024\/02\/bild2-450x600.jpg 450w, http:\/\/regenbogenschule-weetzen.de\/wp-content\/uploads\/2024\/02\/bild2-750x1000.jpg 750w, http:\/\/regenbogenschule-weetzen.de\/wp-content\/uploads\/2024\/02\/bild2-scaled.jpg 1920w\" sizes=\"(max-width: 768px) 100vw, 768px\" \/><\/figure>\n\n\n\n<p>Ab sofort hat die Regenbogenschule Weetzen einen B\u00fcchertauschschrank. Kinder k\u00f6nnen hier eigene B\u00fccher, welche sie nicht mehr ben\u00f6tigen reinstellen und gegen ein anderes Buch austauschen. Wir freuen uns auf eine rege Nutzung des Schrankes.<\/p>\n","protected":false},"excerpt":{"rendered":"<p>18.03.2026 English-Day Jahrgang 3+4 20.03.2026 Regenbogentreff 08.04.2026 Schilf. Schule geschlossen. Kein Unterricht! Notbetreuung 13.04.-17.04.2026 Elternsprechtage Jahrgang 1-3 22.04.2026 Unihockeyturnier 24.04.2026 Lesung Fr. Pantherm\u00fcller 29.04.2026 Gesamtkonferenz und Schulvorstandssitzung 18.05.2026-22.05.2026 Zirkusprojektwoche 22.05.2026 Sommerfest und Zirkusauff\u00fchrungen 15.00 Uhr und 18.00 Uhr 10.06.2026 Sportfest 17.06.2026 Zeugniskonferenzen Jahrgang 1-4 18.06.2026 Freibadausflug Jahrgang 3 und 4 30.06.2026 Regenbogentreff 3. Stunde alle&hellip;<\/p>\n","protected":false},"author":1,"featured_media":0,"parent":193,"menu_order":1,"comment_status":"closed","ping_status":"closed","template":"","meta":{"footnotes":""},"class_list":["post-337","page","type-page","status-publish","hentry"],"_links":{"self":[{"href":"http:\/\/regenbogenschule-weetzen.de\/index.php?rest_route=\/wp\/v2\/pages\/337"}],"collection":[{"href":"http:\/\/regenbogenschule-weetzen.de\/index.php?rest_route=\/wp\/v2\/pages"}],"about":[{"href":"http:\/\/regenbogenschule-weetzen.de\/index.php?rest_route=\/wp\/v2\/types\/page"}],"author":[{"embeddable":true,"href":"http:\/\/regenbogenschule-weetzen.de\/index.php?rest_route=\/wp\/v2\/users\/1"}],"replies":[{"embeddable":true,"href":"http:\/\/regenbogenschule-weetzen.de\/index.php?rest_route=%2Fwp%2Fv2%2Fcomments&post=337"}],"version-history":[{"count":67,"href":"http:\/\/regenbogenschule-weetzen.de\/index.php?rest_route=\/wp\/v2\/pages\/337\/revisions"}],"predecessor-version":[{"id":1180,"href":"http:\/\/regenbogenschule-weetzen.de\/index.php?rest_route=\/wp\/v2\/pages\/337\/revisions\/1180"}],"up":[{"embeddable":true,"href":"http:\/\/regenbogenschule-weetzen.de\/index.php?rest_route=\/wp\/v2\/pages\/193"}],"wp:attachment":[{"href":"http:\/\/regenbogenschule-weetzen.de\/index.php?rest_route=%2Fwp%2Fv2%2Fmedia&parent=337"}],"curies":[{"name":"wp","href":"https:\/\/api.w.org\/{rel}","templated":true}]}}